{"id":582,"date":"2016-05-20T16:30:29","date_gmt":"2016-05-20T19:30:29","guid":{"rendered":"http:\/\/sintrapel-limeira.web2394.uni5.net\/2016\/?page_id=582"},"modified":"2025-12-05T15:16:33","modified_gmt":"2025-12-05T18:16:33","slug":"convencoes","status":"publish","type":"page","link":"https:\/\/sintrapel-limeira.org.br\/index.php\/convencoes\/","title":{"rendered":"Conven\u00e7\u00f5es"},"content":{"rendered":"<p><strong>Conven\u00e7\u00f5es Coletivas 2025\/2026<\/strong><\/p>\n<p><a href=\"http:\/\/sintrapel-limeira.org.br\/2016\/wp-content\/uploads\/2025\/12\/CCT-ARTEFATOS-DE-PAPEL-2025-2026.pdf\" target=\"_blank\" rel=\"noopener\">Conven\u00e7\u00e3o Artefatos &#8211; Clique para visualizar.<\/a><br \/>\n<a href=\"http:\/\/sintrapel-limeira.org.br\/2016\/wp-content\/uploads\/2025\/12\/CCT-PAPELAO-ONDULADO-2025-2026-1.pdf\" target=\"_blank\" rel=\"noopener\">Conven\u00e7\u00e3o Papel\u00e3o Ondulado &#8211; Clique para visualizar.<\/a><br \/>\n<a href=\"http:\/\/sintrapel-limeira.org.br\/2016\/wp-content\/uploads\/2025\/12\/CCT-PAPEL-CELULOSE-2025-2026-1.pdf\" target=\"_blank\" rel=\"noopener\">Conven\u00e7\u00e3o Papel e Celulose &#8211; Clique para visualizar<\/a><\/p>\n<hr \/>\n<p><strong>Conven\u00e7\u00f5es Coletivas 2024\/2025<\/strong><\/p>\n<p><a href=\"http:\/\/sintrapel-limeira.org.br\/2016\/wp-content\/uploads\/2025\/10\/CCT-Artefatos-2024.2025.pdf\">Conven\u00e7\u00e3o Artefatos &#8211; Clique para visualizar.<\/a><br \/>\n<a href=\"http:\/\/sintrapel-limeira.org.br\/2016\/wp-content\/uploads\/2025\/10\/CCT-Papelao-2024.pdf\">Conven\u00e7\u00e3o Papel\u00e3o Ondulado &#8211; Clique para visualizar.<\/a>.<br \/>\n<a href=\"http:\/\/sintrapel-limeira.org.br\/2016\/wp-content\/uploads\/2025\/10\/CCT-Papel-2024-1.pdf\">Conven\u00e7\u00e3o Papel e Celulose &#8211; Clique para visualizar\u00a0<\/a><\/p>\n<hr \/>\n<p><strong>Conven\u00e7\u00f5es Coletivas 2023\/2024<\/strong><\/p>\n<p><a href=\"http:\/\/sintrapel-limeira.org.br\/2016\/wp-content\/uploads\/2023\/11\/FEDERACAO-BASE-2-CONVEENCAO-COLETIVA-2023-2024-.pdf\">Conven\u00e7\u00e3o Artefatos &#8211; Clique para visualizar.<\/a><br \/>\n<a href=\"http:\/\/sintrapel-limeira.org.br\/2016\/wp-content\/uploads\/2023\/12\/CCT-Papelao.pdf\">Conven\u00e7\u00e3o Papel\u00e3o Ondulado &#8211; Clique para visualizar.<\/a><br \/>\n<a href=\"http:\/\/sintrapel-limeira.org.br\/2016\/wp-content\/uploads\/2023\/12\/CCT-Papel.pdf\">Conven\u00e7\u00e3o Papel e Celulose &#8211; Clique para visualizar\u00a0<\/a><\/p>\n<hr \/>\n<p><strong>Conven\u00e7\u00f5es Coletivas 2022\/2023<\/strong><\/p>\n<p><a href=\"http:\/\/www.sintrapel-limeira.org.br\/CCT-ARTEFATOS-221122.pdf\" target=\"_blank\" rel=\"noopener noreferrer\">Conven\u00e7\u00e3o Artefatos \u2013 Clique para visualizar.<\/a><br \/>\n<a href=\"http:\/\/www.sintrapel-limeira.org.br\/CCT-PAPELAO-221122.pdf\" target=\"_blank\" rel=\"noopener noreferrer\">Conven\u00e7\u00e3o Papel\u00e3o Ondulado \u2013 Clique para visualizar.<\/a><br \/>\n<a href=\"http:\/\/www.sintrapel-limeira.org.br\/CCT-PAPEL-221122.pdf\" target=\"_blank\" rel=\"noopener noreferrer\">Conven\u00e7\u00e3o Papel e Celulose \u2013 Clique para visualizar.<\/a><\/p>\n<hr \/>\n<p><strong>Conven\u00e7\u00f5es Coletivas 2021\/2022<\/strong><\/p>\n<p><a href=\"http:\/\/www.sintrapel-limeira.org.br\/CCT-ARTEFATOS-2021-2022.pdf\" target=\"_blank\" rel=\"noopener noreferrer\">Conven\u00e7\u00e3o Artefatos \u2013 Clique para visualizar.<\/a><br \/>\n<a href=\"http:\/\/www.sintrapel-limeira.org.br\/CCT-papelao-ondulado-2021-2022.pdf\" target=\"_blank\" rel=\"noopener noreferrer\">Conven\u00e7\u00e3o Papel\u00e3o Ondulado \u2013 Clique para visualizar.<\/a><br \/>\n<a href=\"http:\/\/www.sintrapel-limeira.org.br\/CCT-papel-celulose-2021-2022.pdf\" target=\"_blank\" rel=\"noopener noreferrer\">Conven\u00e7\u00e3o Papel e Celulose \u2013 Clique para visualizar.<\/a><\/p>\n<hr \/>\n<p><strong>Conven\u00e7\u00f5es Coletivas 2020\/2021<\/strong><\/p>\n<p><a href=\"http:\/\/www.sintrapel-limeira.org.br\/CCT-PAPEL-2020-2021.pdf\" target=\"_blank\" rel=\"noopener noreferrer\">Conven\u00e7\u00e3o Papel\u00a0\u2013 Clique para visualizar.<\/a><br \/>\n<a href=\"http:\/\/www.sintrapel-limeira.org.br\/CCT-PAPELAO-2020-2021.pdf\" target=\"_blank\" rel=\"noopener noreferrer\">Conven\u00e7\u00e3o Papel\u00e3o\u2013 Clique para visualizar.<\/a><br \/>\n<a href=\"http:\/\/www.sintrapel-limeira.org.br\/CCT-artefatos-papel-071220.pdf\" target=\"_blank\" rel=\"noopener noreferrer\">Conven\u00e7\u00e3o Artefatos\u2013 Clique para visualizar.<\/a><\/p>\n<hr \/>\n<p><strong>Conven\u00e7\u00f5es Coletivas 2019\/2020<\/strong><\/p>\n<p><a href=\"http:\/\/www.sintrapel-limeira.org.br\/CCT_PAPEL2019_2020.pdf\" target=\"_blank\" rel=\"noopener noreferrer\">Conven\u00e7\u00e3o Papel\u00a0\u2013 Clique para visualizar.<\/a><br \/>\n<a href=\"http:\/\/www.sintrapel-limeira.org.br\/CCT-papelao-2019-2020.pdf\" target=\"_blank\" rel=\"noopener noreferrer\">Conven\u00e7\u00e3o Papel\u00e3o\u2013 Clique para visualizar.<\/a><br \/>\n<a href=\"http:\/\/www.sintrapel-limeira.org.br\/CCT-ARTEFATOS-2019-2020.pdf\" target=\"_blank\" rel=\"noopener noreferrer\">Conven\u00e7\u00e3o Artefatos \u2013 Clique para visualizar.<\/a><\/p>\n<hr \/>\n<p><strong>Conven\u00e7\u00f5es Coletivas 2018\/2019<\/strong><\/p>\n<p><a href=\"http:\/\/www.sintrapel-limeira.org.br\/CCTPAPELAO2018-2019.pdf\" target=\"_blank\" rel=\"noopener noreferrer\">Conven\u00e7\u00e3o Papel\u00e3o\u00a0\u2013 Clique para visualizar.<\/a><br \/>\n<a href=\"http:\/\/www.sintrapel-limeira.org.br\/CCTARTEFATOS2018_2019.pdf\" target=\"_blank\" rel=\"noopener noreferrer\">Conven\u00e7\u00e3o Artefatos\u00a0\u2013 Clique para visualizar.<\/a><a href=\"http:\/\/www.sintrapel-limeira.org.br\/CCTpapel2018_2020.pdf\" target=\"_blank\" rel=\"noopener noreferrer\"><br \/>\nConven\u00e7\u00e3o Papel \u2013 Clique para visualizar.<\/a><\/p>\n<hr \/>\n<p><strong>Conven\u00e7\u00f5es Coletivas 2017\/2018<\/strong><\/p>\n<p><a href=\"http:\/\/www.sintrapel-limeira.org.br\/CCT_ARTEFATOS 2017_2018.pdf\" target=\"_blank\" rel=\"noopener noreferrer\">Conven\u00e7\u00e3o Artefatos\u00a0\u2013 Clique para visualizar.<\/a><a href=\"http:\/\/www.sintrapel-limeira.org.br\/CCT_Papelao_Ondulado_2017_2018.pdf\" target=\"_blank\" rel=\"noopener noreferrer\"><br \/>\nConven\u00e7\u00e3o Papel\u00e3o \u2013 Clique para visualizar.<\/a><br \/>\n<a href=\"http:\/\/www.sintrapel-limeira.org.br\/CCT_PAPEL_ 2017_2018.pdf\" target=\"_blank\" rel=\"noopener noreferrer\">Conven\u00e7\u00e3o Papel \u2013 Clique para visualizar.<\/a><\/p>\n<hr \/>\n<p><strong>Conven\u00e7\u00f5es Coletivas 2016\/2017<\/strong><\/p>\n<p><a href=\"http:\/\/www.sintrapel-limeira.org.br\/CCTArtefatos20162017.pdf\" target=\"_blank\" rel=\"noopener noreferrer\">Conven\u00e7\u00e3o Artefatos\u00a0\u2013 Clique para visualizar.<\/a><a href=\"http:\/\/www.sintrapel-limeira.org.br\/CCTPapelaoondulado2017.pdf\" target=\"_blank\" rel=\"noopener noreferrer\"><br \/>\nConven\u00e7\u00e3o Papel\u00e3o \u2013 Clique para visualizar.<\/a><br \/>\n<a href=\"http:\/\/www.sintrapel-limeira.org.br\/CCTPapel2017.pdf\" target=\"_blank\" rel=\"noopener noreferrer\">Conven\u00e7\u00e3o Papel \u2013 Clique para visualizar.<\/a><\/p>\n<hr \/>\n<p><strong>Conven\u00e7\u00f5es Coletivas 2015\/2016<\/strong><\/p>\n<p><a href=\"http:\/\/www.federacaodopapel.org.br\/CCT-Papelao2016.pdf\" target=\"_blank\" rel=\"noopener noreferrer\">Conven\u00e7\u00e3o Papel\u00e3o \u2013 Clique para visualizar.<\/a><br \/>\n<a href=\"http:\/\/www.federacaodopapel.org.br\/CCT-Papel2016.pdf\" target=\"_blank\" rel=\"noopener noreferrer\">Conven\u00e7\u00e3o Papel \u2013 Clique para visualizar.<\/a><br \/>\n<a href=\"http:\/\/www.federacaodopapel.org.br\/CCT-Artefatos2016.pdf\" target=\"_blank\" rel=\"noopener noreferrer\">Conven\u00e7\u00e3o Artefatos \u2013 Clique para visualizar.<\/a><\/p>\n<hr \/>\n<p><strong>Conven\u00e7\u00f5es Coletivas 2014\/2015<\/strong><\/p>\n<p><a href=\"http:\/\/www.federacaodopapel.org.br\/convencao_papelao_2014_2015.doc\" target=\"_blank\" rel=\"noopener noreferrer\">Conven\u00e7\u00e3o Papel\u00e3o \u2013 Clique para visualizar.<\/a><br \/>\n<a href=\"http:\/\/www.federacaodopapel.org.br\/convencaopapel_%202014_2015.pdf\" target=\"_blank\" rel=\"noopener noreferrer\">Conven\u00e7\u00e3o Papel \u2013 Clique para visualizar.<\/a><br \/>\n<a href=\"http:\/\/www.federacaodopapel.org.br\/convencao_artefatosdepapel2014_2015.pdf\" target=\"_blank\" rel=\"noopener noreferrer\">Conven\u00e7\u00e3o Artefatos \u2013 Clique para visualizar.<\/a><\/p>\n<hr \/>\n<p><strong>Conven\u00e7\u00f5es Coletivas 2013\/2014<\/strong><\/p>\n<p><a href=\"http:\/\/www.federacaodopapel.org.br\/CCT_PAPELAO2013_2014.doc\" target=\"_blank\" rel=\"noopener noreferrer\">Conven\u00e7\u00e3o Papel\u00e3o \u2013 Clique para visualizar.<\/a><br \/>\n<a href=\"http:\/\/www.federacaodopapel.org.br\/convencaopapel2013_2014.doc\" target=\"_blank\" rel=\"noopener noreferrer\">Conven\u00e7\u00e3o Papel \u2013 Clique para visualizar.<\/a><br \/>\n<a href=\"http:\/\/www.federacaodopapel.org.br\/convencaoartefatosdepapel2013_2014.pdf\" target=\"_blank\" rel=\"noopener noreferrer\">Conven\u00e7\u00e3o Artefatos \u2013 Clique para visualizar.<\/a><\/p>\n<hr \/>\n<p><strong>Conven\u00e7\u00f5es Coletivas 2012\/2013<\/strong><\/p>\n<p><a href=\"http:\/\/www.federacaodopapel.org.br\/convencaopapelao20122013.doc\" target=\"_blank\" rel=\"noopener noreferrer\">Conven\u00e7\u00e3o Papel\u00e3o \u2013 Clique para visualizar.<\/a><br \/>\nConven\u00e7\u00e3o Papel \u2013 Clique para visualizar.<br \/>\n<a href=\"http:\/\/www.federacaodopapel.org.br\/convencaoartefatosdepapel20122013.doc\" target=\"_blank\" rel=\"noopener noreferrer\">Conven\u00e7\u00e3o Artefatos \u2013 Clique para visualizar.<\/a><\/p>\n<hr \/>\n<p><strong>Conven\u00e7\u00f5es Coletivas 2011\/2012<\/strong><\/p>\n<p><a href=\"http:\/\/www.federacaodopapel.org.br\/convencaopapelao20112012.pdf\" target=\"_blank\" rel=\"noopener noreferrer\">Conven\u00e7\u00e3o Papel\u00e3o \u2013 Clique para visualizar.<\/a><br \/>\n<a href=\"http:\/\/www.federacaodopapel.org.br\/convencaopapel20112012.pdf\" target=\"_blank\" rel=\"noopener noreferrer\">Conven\u00e7\u00e3o Papel \u2013 Clique para visualizar.<\/a><br \/>\n<a href=\"http:\/\/www.federacaodopapel.org.br\/convencaoartefatosdepapel20112012.doc\" target=\"_blank\" rel=\"noopener noreferrer\">Conven\u00e7\u00e3o Artefatos \u2013 Clique para visualizar.<\/a><\/p>\n<hr \/>\n<p><strong>Conven\u00e7\u00f5es Coletivas 2010\/2011<\/strong><\/p>\n<p><a href=\"http:\/\/www.federacaodopapel.org.br\/convencaopapelao20102011.pdf\" target=\"_blank\" rel=\"noopener noreferrer\">Conven\u00e7\u00e3o Papel\u00e3o \u2013 Clique para visualizar.<\/a><br \/>\n<a href=\"http:\/\/www.federacaodopapel.org.br\/convencaopapel20102011.pdf\" target=\"_blank\" rel=\"noopener noreferrer\">Conven\u00e7\u00e3o Papel \u2013 Clique para visualizar.<\/a><br \/>\n<a href=\"http:\/\/www.federacaodopapel.org.br\/convencaoartefatosdepapel20102011.doc\" target=\"_blank\" rel=\"noopener noreferrer\">Conven\u00e7\u00e3o Artefatos \u2013 Clique para visualizar.<\/a><\/p>\n<hr \/>\n<p><strong>Conven\u00e7\u00f5es Coletivas 2009\/2010<\/strong><\/p>\n<p><a href=\"http:\/\/www.federacaodopapel.org.br\/convencaopapelao20092010.pdf\" target=\"_blank\" rel=\"noopener noreferrer\">Conven\u00e7\u00e3o Papel\u00e3o \u2013 Clique para visualizar.<\/a><br \/>\n<a href=\"http:\/\/www.federacaodopapel.org.br\/convencaopapel20092010.pdf\" target=\"_blank\" rel=\"noopener noreferrer\">Conven\u00e7\u00e3o Papel \u2013 Clique para visualizar.<\/a><br \/>\n<a href=\"http:\/\/www.federacaodopapel.org.br\/convencaoartefatosdepapel20092010.pdf\" target=\"_blank\" rel=\"noopener noreferrer\">Conven\u00e7\u00e3o Artefatos \u2013 Clique para visualizar.<\/a><\/p>\n<hr \/>\n<p><strong>Conven\u00e7\u00f5es Coletivas 2008\/2009<\/strong><\/p>\n<p><a href=\"http:\/\/www.federacaodopapel.org.br\/convencaopapelao20082009.pdf\" target=\"_blank\" rel=\"noopener noreferrer\">Conven\u00e7\u00e3o Papel\u00e3o \u2013 Clique para visualizar.<\/a><br \/>\n<a href=\"http:\/\/www.federacaodopapel.org.br\/convencaopapel20082009.doc\" target=\"_blank\" rel=\"noopener noreferrer\">Conven\u00e7\u00e3o Papel \u2013 Clique para visualizar.<\/a><br \/>\n<a href=\"http:\/\/www.federacaodopapel.org.br\/convencaoartefatosdepapel20082009.doc\" target=\"_blank\" rel=\"noopener noreferrer\">Conven\u00e7\u00e3o Artefatos \u2013 Clique para visualizar.<\/a><\/p>\n<hr \/>\n<p><strong>Conven\u00e7\u00f5es Coletivas 2007\/2008<\/strong><\/p>\n<p><a href=\"http:\/\/www.federacaodopapel.org.br\/convencaopapelao20072008.pdf\" target=\"_blank\" rel=\"noopener noreferrer\">Conven\u00e7\u00e3o Papel\u00e3o \u2013 Clique para visualizar.<\/a><br \/>\n<a href=\"http:\/\/www.federacaodopapel.org.br\/convencaopapel20072008.pdf\" target=\"_blank\" rel=\"noopener noreferrer\">Conven\u00e7\u00e3o Papel \u2013 Clique para visualizar.<\/a><br \/>\n<a href=\"http:\/\/www.federacaodopapel.org.br\/convencaoartefatosdepapel20072008.pdf\" target=\"_blank\" rel=\"noopener noreferrer\">Conven\u00e7\u00e3o Artefatos \u2013 Clique para visualizar.<\/a><\/p>\n<hr \/>\n<p><strong>Conven\u00e7\u00f5es Coletivas 2006\/2007<\/strong><\/p>\n<p><a href=\"http:\/\/www.federacaodopapel.org.br\/convencaopapelao20062007.pdf\" target=\"_blank\" rel=\"noopener noreferrer\">Conven\u00e7\u00e3o Papel\u00e3o \u2013 Clique para visualizar.<\/a><br \/>\n<a href=\"http:\/\/www.federacaodopapel.org.br\/convencaopapel20062007.pdf\" target=\"_blank\" rel=\"noopener noreferrer\">Conven\u00e7\u00e3o Papel \u2013 Clique para visualizar.<\/a><br \/>\n<a href=\"http:\/\/www.federacaodopapel.org.br\/convencaoartefatosdepapel20062007.pdf\" target=\"_blank\" rel=\"noopener noreferrer\">Conven\u00e7\u00e3o Artefatos \u2013 Clique para visualizar.<\/a><\/p>\n","protected":false},"excerpt":{"rendered":"<p>Conven\u00e7\u00f5es Coletivas 2025\/2026 Conven\u00e7\u00e3o Artefatos &#8211; Clique para visualizar. Conven\u00e7\u00e3o Papel\u00e3o Ondulado &#8211; Clique para visualizar. Conven\u00e7\u00e3o Papel e Celulose &#8211; Clique para visualizar Conven\u00e7\u00f5es Coletivas 2024\/2025 Conven\u00e7\u00e3o Artefatos &#8211;&hellip; <\/p>\n","protected":false},"author":1,"featured_media":0,"parent":0,"menu_order":0,"comment_status":"closed","ping_status":"closed","template":"","meta":{"footnotes":""},"class_list":["post-582","page","type-page","status-publish","hentry"],"_links":{"self":[{"href":"https:\/\/sintrapel-limeira.org.br\/index.php\/wp-json\/wp\/v2\/pages\/582"}],"collection":[{"href":"https:\/\/sintrapel-limeira.org.br\/index.php\/wp-json\/wp\/v2\/pages"}],"about":[{"href":"https:\/\/sintrapel-limeira.org.br\/index.php\/wp-json\/wp\/v2\/types\/page"}],"author":[{"embeddable":true,"href":"https:\/\/sintrapel-limeira.org.br\/index.php\/wp-json\/wp\/v2\/users\/1"}],"replies":[{"embeddable":true,"href":"https:\/\/sintrapel-limeira.org.br\/index.php\/wp-json\/wp\/v2\/comments?post=582"}],"version-history":[{"count":51,"href":"https:\/\/sintrapel-limeira.org.br\/index.php\/wp-json\/wp\/v2\/pages\/582\/revisions"}],"predecessor-version":[{"id":16031,"href":"https:\/\/sintrapel-limeira.org.br\/index.php\/wp-json\/wp\/v2\/pages\/582\/revisions\/16031"}],"wp:attachment":[{"href":"https:\/\/sintrapel-limeira.org.br\/index.php\/wp-json\/wp\/v2\/media?parent=582"}],"curies":[{"name":"wp","href":"https:\/\/api.w.org\/{rel}","templated":true}]}}