{"id":576,"date":"2016-05-20T16:30:47","date_gmt":"2016-05-20T19:30:47","guid":{"rendered":"http:\/\/sintrapel-limeira.web2394.uni5.net\/2016\/?page_id=576"},"modified":"2024-10-17T11:23:11","modified_gmt":"2024-10-17T14:23:11","slug":"servicos","status":"publish","type":"page","link":"https:\/\/sintrapel-limeira.org.br\/index.php\/servicos\/","title":{"rendered":"Servi\u00e7os"},"content":{"rendered":"<p><a href=\"http:\/\/sintrapel-limeira.org.br\/index.php\/servicos\/aposentados\/\">APOSENTADOS<br \/>\n<\/a><\/p>\n<p style=\"text-align: left;\">Nosso Sindicato mant\u00e9m um importante Departamento voltado aos interesses dos companheiros aposentados.<\/p>\n<p style=\"text-align: left;\">\u00a0 \u00a0 \u00a0 \u00a0 \u00a0 \u00a0 \u00a0 \u00a0 \u00a0 \u00a0 \u00a0 \u00a0 \u00a0 \u00a0 \u00a0 \u00a0 \u00a0 \u00a0 \u00a0 \u00a0 \u00a0 \u00a0 \u00a0 \u00a0 \u00a0 \u00a0 \u00a0 \u00a0 \u00a0 \u00a0 \u00a0 \u00a0 \u00a0 \u00a0 \u00a0 \u00a0 \u00a0 \u00a0 \u00a0 \u00a0 \u00a0 \u00a0 \u00a0 \u00a0 \u00a0 \u00a0 \u00a0 \u00a0 \u00a0 \u00a0 \u00a0 \u00a0 \u00a0 \u00a0 \u00a0 \u00a0 \u00a0 \u00a0 \u00a0 \u00a0 \u00a0 \u00a0 \u00a0 \u00a0 \u00a0 \u00a0 \u00a0 \u00a0 \u00a0 \u00a0 \u00a0 \u00a0 \u00a0 \u00a0 \u00a0 \u00a0 \u00a0<a href=\"http:\/\/sintrapel-limeira.web2394.uni5.net\/index.php\/servicos\/aposentados\/\">Veja mais<\/a><\/p>\n<hr \/>\n<p style=\"text-align: left;\"><a href=\"http:\/\/sintrapel-limeira.org.br\/index.php\/servicos\/cabeleireiro\/\">CABELEIREIRO<\/a><\/p>\n<p>O Sindicato dos Papeleiros de Limeira mant\u00e9m conv\u00eanio com Sal\u00e3o de Cabeleireiros com descontos especiais para os trabalhadores da categoria.<\/p>\n<p style=\"text-align: right;\"><a href=\"http:\/\/sintrapel-limeira.org.br\/index.php\/servicos\/cabeleireiro\/\">Veja mais<\/a><\/p>\n<hr \/>\n<p style=\"text-align: right;\">\n<p style=\"text-align: left;\"><a href=\"http:\/\/sintrapel-limeira.org.br\/index.php\/servicos\/clube-de-campo\/\">CLUBE DE CAMPO<\/a><\/p>\n<p style=\"text-align: left;\">\u00a0O Sindicato dos Papeleiros de Limeira coloca a disposi\u00e7\u00e3o dos Associados Clube de Campo para realiza\u00e7\u00e3o de churrascos, casamentos, anivers\u00e1rios e eventos em geral. O agendamento deve ser&#8230;<\/p>\n<p style=\"text-align: right;\"><a href=\"http:\/\/sintrapel-limeira.org.br\/index.php\/servicos\/clube-de-campo\/\">Veja mais<\/a><\/p>\n<hr \/>\n<p style=\"text-align: left;\"><a href=\"http:\/\/sintrapel-limeira.org.br\/index.php\/servicos\/colonia-de-ferias\/\">\u00a0COL\u00d4NIA DE F\u00c9RIAS<\/a><\/p>\n<p>O Sindicato dos Papeleiros de Limeira disp\u00f5e de tr\u00eas apartamentos na Col\u00f4nia de F\u00e9rias da Federa\u00e7\u00e3o, localizada na Praia Grande, e que acomodam at\u00e9 5 pessoas. O pr\u00e9dio possui elevador&#8230;<\/p>\n<p style=\"text-align: right;\"><a href=\"http:\/\/sintrapel-limeira.org.br\/index.php\/servicos\/colonia-de-ferias\/\">Veja mais<\/a><\/p>\n<hr \/>\n<p><a href=\"http:\/\/sintrapel-limeira.org.br\/index.php\/servicos\/departamento-juridico\/\">DEPARTAMENTO JUR\u00cdDICO<\/a><\/p>\n<p>O Departamento Jur\u00eddico do Sindicato dos Papeleiros de Limeira tem a Dra. Jamile Abdel Latif como respons\u00e1vel.\u00a0O atendimento \u00e9 realizado nas cidades de Limeira e Americana, sempre&#8230;<\/p>\n<p style=\"text-align: right;\"><a href=\"http:\/\/sintrapel-limeira.org.br\/index.php\/servicos\/departamento-juridico\/\">Veja mais<\/a><\/p>\n<hr \/>\n<p><a href=\"http:\/\/sintrapel-limeira.org.br\/index.php\/servicos\/odontologico\/\">ODONTOL\u00d3GICO<\/a><\/p>\n<p>Preocupado com o bem-estar bucal de nossos companheiros, o Sindicato dos Papeleiros de Limeira mant\u00e9m cl\u00ednicas odontol\u00f3gicas em sua Sede na cidade de Limeira e em suas subsedes Americana e Cordeir\u00f3polis.<\/p>\n<p style=\"text-align: right;\"><a href=\"http:\/\/sintrapel-limeira.org.br\/index.php\/servicos\/odontologico\/\">Veja mais<\/a><\/p>\n<hr \/>\n<p style=\"text-align: left;\"><a href=\"http:\/\/sintrapel-limeira.org.br\/index.php\/servicos\/gol-de-placa-escola-de-futebol\/\"> ESCOLA DE FUTEBOL<\/a><\/p>\n<p style=\"text-align: left;\">Venha jogar no nosso time e ser um campe\u00e3o!!!<\/p>\n<p style=\"text-align: right;\"><a href=\"http:\/\/sintrapel-limeira.org.br\/index.php\/servicos\/gol-de-placa-escola-de-futebol\/\">Veja mais<\/a><\/p>\n","protected":false},"excerpt":{"rendered":"<p>APOSENTADOS Nosso Sindicato mant\u00e9m um importante Departamento voltado aos interesses dos companheiros aposentados. \u00a0 \u00a0 \u00a0 \u00a0 \u00a0 \u00a0 \u00a0 \u00a0 \u00a0 \u00a0 \u00a0 \u00a0 \u00a0 \u00a0 \u00a0 \u00a0 \u00a0&hellip; <\/p>\n","protected":false},"author":1,"featured_media":0,"parent":0,"menu_order":0,"comment_status":"closed","ping_status":"closed","template":"","meta":{"footnotes":""},"class_list":["post-576","page","type-page","status-publish","hentry"],"_links":{"self":[{"href":"https:\/\/sintrapel-limeira.org.br\/index.php\/wp-json\/wp\/v2\/pages\/576"}],"collection":[{"href":"https:\/\/sintrapel-limeira.org.br\/index.php\/wp-json\/wp\/v2\/pages"}],"about":[{"href":"https:\/\/sintrapel-limeira.org.br\/index.php\/wp-json\/wp\/v2\/types\/page"}],"author":[{"embeddable":true,"href":"https:\/\/sintrapel-limeira.org.br\/index.php\/wp-json\/wp\/v2\/users\/1"}],"replies":[{"embeddable":true,"href":"https:\/\/sintrapel-limeira.org.br\/index.php\/wp-json\/wp\/v2\/comments?post=576"}],"version-history":[{"count":25,"href":"https:\/\/sintrapel-limeira.org.br\/index.php\/wp-json\/wp\/v2\/pages\/576\/revisions"}],"predecessor-version":[{"id":15669,"href":"https:\/\/sintrapel-limeira.org.br\/index.php\/wp-json\/wp\/v2\/pages\/576\/revisions\/15669"}],"wp:attachment":[{"href":"https:\/\/sintrapel-limeira.org.br\/index.php\/wp-json\/wp\/v2\/media?parent=576"}],"curies":[{"name":"wp","href":"https:\/\/api.w.org\/{rel}","templated":true}]}}