{"id":866,"date":"2016-05-24T03:31:03","date_gmt":"2016-05-24T06:31:03","guid":{"rendered":"http:\/\/sintrapel-limeira.web2394.uni5.net\/2016\/?page_id=866"},"modified":"2019-01-23T03:58:39","modified_gmt":"2019-01-23T05:58:39","slug":"odontologico","status":"publish","type":"page","link":"http:\/\/sintrapel-limeira.org.br\/index.php\/servicos\/odontologico\/","title":{"rendered":"Odontol\u00f3gico"},"content":{"rendered":"<p>Preocupado com o bem-estar bucal de nossos companheiros s\u00f3cios contribuintes, o Sindicato dos Papeleiros de Limeira mant\u00e9m cl\u00ednicas odontol\u00f3gicas em sua Sede na cidade de Limeira e em suas subsedes Americana e Cordeir\u00f3polis.<\/p>\n<p>As cl\u00ednicas disp\u00f5em de profissionais altamente capacitados e com infraestrutura diferenciada.<\/p>\n<p>Nossos hor\u00e1rios de atendimento:<\/p>\n<p><span style=\"color: #4a8bbd;\"><strong>SEDE LIMEIRA<\/strong><\/span><\/p>\n<p><strong>Dra. Beatriz Von Zuben<\/strong><br \/>\nSegunda, quarta e sexta-feira: das 08h00 \u00e0s 12h00.<br \/>\nTer\u00e7a e quinta-feira: das 13h00 \u00e0s 17h00.<br \/>\n<em>Os agendamentos para consulta devem ser feitos previamente.<\/em><br \/>\n<strong>Telefone:<\/strong> (19) 3441-9046<\/p>\n<p><span style=\"color: #4a8bbd;\"><strong>SUBSEDE AMERICANA<\/strong><\/span><\/p>\n<p><strong>Dra. Regina Alves<\/strong><br \/>\nSegunda, quarta e sexta-feira: das 08h00 \u00e0s 12h00.<br \/>\nTer\u00e7a e quinta-feira: das 13h00 \u00e0s 17h00.<br \/>\n<em>Os agendamentos para consulta devem ser feitos previamente.<\/em><br \/>\n<strong>Telefone:<\/strong> (19) 3461-5296<\/p>\n<p><span style=\"color: #4a8bbd;\"><strong>SUBSEDE CORDEIR\u00d3POLIS<\/strong><\/span><\/p>\n<p><strong>Dra. Vanessa Lucato<\/strong><br \/>\nSegunda, quarta e sexta-feira: das 13h00 \u00e0s 17h00.<br \/>\nTer\u00e7a e quinta-feira: das 08h00 \u00e0s 12h00.<br \/>\n<em>Os agendamentos para consulta devem ser feitos previamente.<\/em><br \/>\n<strong>Telefone:<\/strong> (19) 3546-5570<\/p>\n<p>\u00c9 O SINDICATO TRABALHANDO EM PROL DA SA\u00daDE BUCAL DOS NOSSOS COMPANHEIROS DE LUTA!<\/p>\n","protected":false},"excerpt":{"rendered":"<p>Preocupado com o bem-estar bucal de nossos companheiros s\u00f3cios contribuintes, o Sindicato dos Papeleiros de Limeira mant\u00e9m cl\u00ednicas odontol\u00f3gicas em sua Sede na cidade de Limeira e em suas subsedes&hellip; <\/p>\n","protected":false},"author":1,"featured_media":0,"parent":576,"menu_order":5,"comment_status":"closed","ping_status":"closed","template":"","meta":{"footnotes":""},"class_list":["post-866","page","type-page","status-publish","hentry"],"_links":{"self":[{"href":"http:\/\/sintrapel-limeira.org.br\/index.php\/wp-json\/wp\/v2\/pages\/866"}],"collection":[{"href":"http:\/\/sintrapel-limeira.org.br\/index.php\/wp-json\/wp\/v2\/pages"}],"about":[{"href":"http:\/\/sintrapel-limeira.org.br\/index.php\/wp-json\/wp\/v2\/types\/page"}],"author":[{"embeddable":true,"href":"http:\/\/sintrapel-limeira.org.br\/index.php\/wp-json\/wp\/v2\/users\/1"}],"replies":[{"embeddable":true,"href":"http:\/\/sintrapel-limeira.org.br\/index.php\/wp-json\/wp\/v2\/comments?post=866"}],"version-history":[{"count":14,"href":"http:\/\/sintrapel-limeira.org.br\/index.php\/wp-json\/wp\/v2\/pages\/866\/revisions"}],"predecessor-version":[{"id":13766,"href":"http:\/\/sintrapel-limeira.org.br\/index.php\/wp-json\/wp\/v2\/pages\/866\/revisions\/13766"}],"up":[{"embeddable":true,"href":"http:\/\/sintrapel-limeira.org.br\/index.php\/wp-json\/wp\/v2\/pages\/576"}],"wp:attachment":[{"href":"http:\/\/sintrapel-limeira.org.br\/index.php\/wp-json\/wp\/v2\/media?parent=866"}],"curies":[{"name":"wp","href":"https:\/\/api.w.org\/{rel}","templated":true}]}}