{"id":864,"date":"2016-05-24T03:27:48","date_gmt":"2016-05-24T06:27:48","guid":{"rendered":"http:\/\/sintrapel-limeira.web2394.uni5.net\/2016\/?page_id=864"},"modified":"2016-05-24T03:27:48","modified_gmt":"2016-05-24T06:27:48","slug":"departamento-juridico","status":"publish","type":"page","link":"http:\/\/sintrapel-limeira.org.br\/index.php\/servicos\/departamento-juridico\/","title":{"rendered":"Departamento Jur\u00eddico"},"content":{"rendered":"<p>O Departamento Jur\u00eddico do Sindicato dos Papeleiros de Limeira tem a Dra. Jamile Abdel Latif como respons\u00e1vel.<\/p>\n<p>O atendimento \u00e9 realizado nas cidades de Limeira e Americana, sempre mediante agendamento.<\/p>\n<p>\u00c9 o Sindicato dos Papeleiros de Limeira realizando trabalho competente e de sucesso, defendendo os interesses dos nossos companheiros nos tribunais.<\/p>\n","protected":false},"excerpt":{"rendered":"<p>O Departamento Jur\u00eddico do Sindicato dos Papeleiros de Limeira tem a Dra. Jamile Abdel Latif como respons\u00e1vel. O atendimento \u00e9 realizado nas cidades de Limeira e Americana, sempre mediante agendamento.&hellip; <\/p>\n","protected":false},"author":1,"featured_media":0,"parent":576,"menu_order":4,"comment_status":"closed","ping_status":"closed","template":"","meta":{"footnotes":""},"class_list":["post-864","page","type-page","status-publish","hentry"],"_links":{"self":[{"href":"http:\/\/sintrapel-limeira.org.br\/index.php\/wp-json\/wp\/v2\/pages\/864"}],"collection":[{"href":"http:\/\/sintrapel-limeira.org.br\/index.php\/wp-json\/wp\/v2\/pages"}],"about":[{"href":"http:\/\/sintrapel-limeira.org.br\/index.php\/wp-json\/wp\/v2\/types\/page"}],"author":[{"embeddable":true,"href":"http:\/\/sintrapel-limeira.org.br\/index.php\/wp-json\/wp\/v2\/users\/1"}],"replies":[{"embeddable":true,"href":"http:\/\/sintrapel-limeira.org.br\/index.php\/wp-json\/wp\/v2\/comments?post=864"}],"version-history":[{"count":1,"href":"http:\/\/sintrapel-limeira.org.br\/index.php\/wp-json\/wp\/v2\/pages\/864\/revisions"}],"predecessor-version":[{"id":865,"href":"http:\/\/sintrapel-limeira.org.br\/index.php\/wp-json\/wp\/v2\/pages\/864\/revisions\/865"}],"up":[{"embeddable":true,"href":"http:\/\/sintrapel-limeira.org.br\/index.php\/wp-json\/wp\/v2\/pages\/576"}],"wp:attachment":[{"href":"http:\/\/sintrapel-limeira.org.br\/index.php\/wp-json\/wp\/v2\/media?parent=864"}],"curies":[{"name":"wp","href":"https:\/\/api.w.org\/{rel}","templated":true}]}}