{"id":862,"date":"2016-05-24T03:24:38","date_gmt":"2016-05-24T06:24:38","guid":{"rendered":"http:\/\/sintrapel-limeira.web2394.uni5.net\/2016\/?page_id=862"},"modified":"2024-10-17T11:20:17","modified_gmt":"2024-10-17T14:20:17","slug":"colonia-de-ferias","status":"publish","type":"page","link":"http:\/\/sintrapel-limeira.org.br\/index.php\/servicos\/colonia-de-ferias\/","title":{"rendered":"Col\u00f4nia de F\u00e9rias"},"content":{"rendered":"<p>Para agendamento na Col\u00f4nia de F\u00e9rias da Federa\u00e7\u00e3o, localizada na Praia Grande.<\/p>\n<p><strong><em>S\u00d3CIOS<\/em>:<\/strong><\/p>\n<p>Di\u00e1ria: caf\u00e9 da manh\u00e3 \u2013 R$ 105,00;<br \/>\nDi\u00e1ria: caf\u00e9 da manh\u00e3, almo\u00e7o e jantar \u2013 R$ 147,00;<br \/>\nCrian\u00e7as at\u00e9 05 anos &#8211; n\u00e3o pagam;<br \/>\nCrian\u00e7as de 06 a 09 anos &#8211; Meia di\u00e1ria.<\/p>\n<p><em><strong>CONVIDADOS:<\/strong><\/em><\/p>\n<p>Di\u00e1ria: caf\u00e9 da manh\u00e3 &#8211; R$ 147,00 ;<br \/>\nDi\u00e1ria: caf\u00e9 da manh\u00e3, almo\u00e7o e jantar \u2013 R$ 189,00;<br \/>\nCrian\u00e7as at\u00e9 05 anos &#8211; n\u00e3o pagam;<br \/>\nCrian\u00e7as de 06 a 09 anos &#8211; Meia di\u00e1ria.<\/p>\n<p><strong>\u2022 Valores por dia\/por pessoa.<\/strong><\/p>\n<p><strong>\u2022 <\/strong>Nos quartos: Camas de casal e solteiro, Banheiro privativo, Frigobar, Ventilador, TV e Espa\u00e7o para guardar roupas. (len\u00e7ol, fronhas e travesseiros)<\/p>\n<p><strong>\u2022<\/strong> Nas \u00e1reas comuns: Bar, Recep\u00e7\u00e3o 24 horas, Mesa de ping-pong, Mesa de bilhar, Mesa de pebolim e Sala de TV.<\/p>\n<ul>\n<li><strong>\u00a0 <\/strong> Check in (entrada) \u00e0s 9:00h<\/li>\n<li>\u00a0 \u00a0Check out (sa\u00edda) \u00e0s 10:00h<\/li>\n<\/ul>\n<p><strong>\u2022<\/strong> Cada apartamento tem direito a uma vaga no estacionamento, o excedente ser\u00e1 cobrado.<\/p>\n<p>As reservas devem ser realizadas pela entidade. (sede e subsedes) Para mais informa\u00e7\u00f5es, entre em contato<\/p>\n<p>Sede Limeira<\/p>\n<p>Telefone <strong>(19) 3441-9046 &#8211; (19) 99823-2644 (WhatsApp)<\/strong><\/p>\n<p>Subsede Americana<br \/>\nTelefone: <strong>(19) 3461-5296 &#8211; (19) 99761-9264 (WhatsApp)<\/strong><\/p>\n<p>Subsede Cordeir\u00f3polis<br \/>\nTelefone: <strong>(19) 3546-5570<\/strong><\/p>\n<p>A Col\u00f4nia de F\u00e9rias est\u00e1 localizada no seguinte endere\u00e7o:<br \/>\n<strong>Avenida dos Sindicatos, n\u00ba 150 &#8211; Vila Mirim &#8211; Praia Grande- SP<\/strong><\/p>\n<p><iframe loading=\"lazy\" style=\"border: 0;\" src=\"https:\/\/www.google.com\/maps\/embed?pb=!1m18!1m12!1m3!1d3644.0054410849925!2d-46.48382678532554!3d-24.03087328498238!2m3!1f0!2f0!3f0!3m2!1i1024!2i768!4f13.1!3m3!1m2!1s0x94ce1fabc8d9e355%3A0x16497405213a024f!2sAv.+dos+Sindicatos%2C+150+-+Nova+Mirim%2C+Praia+Grande+-+SP%2C+11704-650!5e0!3m2!1spt-BR!2sbr!4v1473189404468\" width=\"800\" height=\"400\" frameborder=\"0\" allowfullscreen=\"allowfullscreen\"><\/iframe><\/p>\n","protected":false},"excerpt":{"rendered":"<p>Para agendamento na Col\u00f4nia de F\u00e9rias da Federa\u00e7\u00e3o, localizada na Praia Grande. S\u00d3CIOS: Di\u00e1ria: caf\u00e9 da manh\u00e3 \u2013 R$ 105,00; Di\u00e1ria: caf\u00e9 da manh\u00e3, almo\u00e7o e jantar \u2013 R$ 147,00;&hellip; <\/p>\n","protected":false},"author":1,"featured_media":0,"parent":576,"menu_order":3,"comment_status":"closed","ping_status":"closed","template":"","meta":{"footnotes":""},"class_list":["post-862","page","type-page","status-publish","hentry"],"_links":{"self":[{"href":"http:\/\/sintrapel-limeira.org.br\/index.php\/wp-json\/wp\/v2\/pages\/862"}],"collection":[{"href":"http:\/\/sintrapel-limeira.org.br\/index.php\/wp-json\/wp\/v2\/pages"}],"about":[{"href":"http:\/\/sintrapel-limeira.org.br\/index.php\/wp-json\/wp\/v2\/types\/page"}],"author":[{"embeddable":true,"href":"http:\/\/sintrapel-limeira.org.br\/index.php\/wp-json\/wp\/v2\/users\/1"}],"replies":[{"embeddable":true,"href":"http:\/\/sintrapel-limeira.org.br\/index.php\/wp-json\/wp\/v2\/comments?post=862"}],"version-history":[{"count":29,"href":"http:\/\/sintrapel-limeira.org.br\/index.php\/wp-json\/wp\/v2\/pages\/862\/revisions"}],"predecessor-version":[{"id":15668,"href":"http:\/\/sintrapel-limeira.org.br\/index.php\/wp-json\/wp\/v2\/pages\/862\/revisions\/15668"}],"up":[{"embeddable":true,"href":"http:\/\/sintrapel-limeira.org.br\/index.php\/wp-json\/wp\/v2\/pages\/576"}],"wp:attachment":[{"href":"http:\/\/sintrapel-limeira.org.br\/index.php\/wp-json\/wp\/v2\/media?parent=862"}],"curies":[{"name":"wp","href":"https:\/\/api.w.org\/{rel}","templated":true}]}}