{"id":856,"date":"2016-05-24T03:19:12","date_gmt":"2016-05-24T06:19:12","guid":{"rendered":"http:\/\/sintrapel-limeira.web2394.uni5.net\/2016\/?page_id=856"},"modified":"2020-12-03T20:27:31","modified_gmt":"2020-12-03T23:27:31","slug":"cabeleireiro","status":"publish","type":"page","link":"http:\/\/sintrapel-limeira.org.br\/index.php\/servicos\/cabeleireiro\/","title":{"rendered":"Cabeleireiro"},"content":{"rendered":"<p>O Sindicato dos Papeleiros de Limeira mant\u00e9m conv\u00eanio com Sal\u00e3o de Cabeleireiros com descontos especiais para os trabalhadores da categoria.<\/p>\n<p><strong>Os atendimentos s\u00e3o feitos em Limeira:<\/strong><br \/>\nDe ter\u00e7a a s\u00e1bado: das 09h30 \u00e0s 18h30.<\/p>\n<p><strong>Em Cordeir\u00f3polis:<\/strong><br \/>\nSegunda, quarta e sexta-feira: das 08h00 \u00e0s 12h00.<br \/>\nTer\u00e7a e quinta-feira: das 13h00 \u00e0s 17h00.<br \/>\nTelefone para agendamento: (19) 3546-5570<\/p>\n","protected":false},"excerpt":{"rendered":"<p>O Sindicato dos Papeleiros de Limeira mant\u00e9m conv\u00eanio com Sal\u00e3o de Cabeleireiros com descontos especiais para os trabalhadores da categoria. Os atendimentos s\u00e3o feitos em Limeira: De ter\u00e7a a s\u00e1bado:&hellip; <\/p>\n","protected":false},"author":1,"featured_media":0,"parent":576,"menu_order":1,"comment_status":"closed","ping_status":"closed","template":"","meta":{"footnotes":""},"class_list":["post-856","page","type-page","status-publish","hentry"],"_links":{"self":[{"href":"http:\/\/sintrapel-limeira.org.br\/index.php\/wp-json\/wp\/v2\/pages\/856"}],"collection":[{"href":"http:\/\/sintrapel-limeira.org.br\/index.php\/wp-json\/wp\/v2\/pages"}],"about":[{"href":"http:\/\/sintrapel-limeira.org.br\/index.php\/wp-json\/wp\/v2\/types\/page"}],"author":[{"embeddable":true,"href":"http:\/\/sintrapel-limeira.org.br\/index.php\/wp-json\/wp\/v2\/users\/1"}],"replies":[{"embeddable":true,"href":"http:\/\/sintrapel-limeira.org.br\/index.php\/wp-json\/wp\/v2\/comments?post=856"}],"version-history":[{"count":9,"href":"http:\/\/sintrapel-limeira.org.br\/index.php\/wp-json\/wp\/v2\/pages\/856\/revisions"}],"predecessor-version":[{"id":14591,"href":"http:\/\/sintrapel-limeira.org.br\/index.php\/wp-json\/wp\/v2\/pages\/856\/revisions\/14591"}],"up":[{"embeddable":true,"href":"http:\/\/sintrapel-limeira.org.br\/index.php\/wp-json\/wp\/v2\/pages\/576"}],"wp:attachment":[{"href":"http:\/\/sintrapel-limeira.org.br\/index.php\/wp-json\/wp\/v2\/media?parent=856"}],"curies":[{"name":"wp","href":"https:\/\/api.w.org\/{rel}","templated":true}]}}