{"id":848,"date":"2016-05-24T03:09:06","date_gmt":"2016-05-24T06:09:06","guid":{"rendered":"http:\/\/sintrapel-limeira.web2394.uni5.net\/2016\/?page_id=848"},"modified":"2016-05-24T03:09:06","modified_gmt":"2016-05-24T06:09:06","slug":"aposentados","status":"publish","type":"page","link":"http:\/\/sintrapel-limeira.org.br\/index.php\/servicos\/aposentados\/","title":{"rendered":"Aposentados"},"content":{"rendered":"<p>Nosso Sindicato mant\u00e9m um importante Departamento voltado aos interesses dos companheiros aposentados.<br \/>\nNosso Diretor, Sr. Jo\u00e3o Ribeiro, \u00e9 o respons\u00e1vel pelo Departamento e \u00e9 quem realiza os atendimentos aos nossos companheiros aposentados, inclusive sobre quest\u00f5es relacionadas ao SEPACO.<\/p>\n<p><strong>Os atendimentos s\u00e3o realizados das 8h00 \u00e0s 17h00, de Segunda a Sexta-feira.<\/strong><\/p>\n<p>\u00c9 o Sindicato dos Papeleiros de Limeira cuidando dos aposentados da categoria.<\/p>\n","protected":false},"excerpt":{"rendered":"<p>Nosso Sindicato mant\u00e9m um importante Departamento voltado aos interesses dos companheiros aposentados. Nosso Diretor, Sr. Jo\u00e3o Ribeiro, \u00e9 o respons\u00e1vel pelo Departamento e \u00e9 quem realiza os atendimentos aos nossos&hellip; <\/p>\n","protected":false},"author":1,"featured_media":0,"parent":576,"menu_order":0,"comment_status":"closed","ping_status":"closed","template":"","meta":{"footnotes":""},"class_list":["post-848","page","type-page","status-publish","hentry"],"_links":{"self":[{"href":"http:\/\/sintrapel-limeira.org.br\/index.php\/wp-json\/wp\/v2\/pages\/848"}],"collection":[{"href":"http:\/\/sintrapel-limeira.org.br\/index.php\/wp-json\/wp\/v2\/pages"}],"about":[{"href":"http:\/\/sintrapel-limeira.org.br\/index.php\/wp-json\/wp\/v2\/types\/page"}],"author":[{"embeddable":true,"href":"http:\/\/sintrapel-limeira.org.br\/index.php\/wp-json\/wp\/v2\/users\/1"}],"replies":[{"embeddable":true,"href":"http:\/\/sintrapel-limeira.org.br\/index.php\/wp-json\/wp\/v2\/comments?post=848"}],"version-history":[{"count":2,"href":"http:\/\/sintrapel-limeira.org.br\/index.php\/wp-json\/wp\/v2\/pages\/848\/revisions"}],"predecessor-version":[{"id":14554,"href":"http:\/\/sintrapel-limeira.org.br\/index.php\/wp-json\/wp\/v2\/pages\/848\/revisions\/14554"}],"up":[{"embeddable":true,"href":"http:\/\/sintrapel-limeira.org.br\/index.php\/wp-json\/wp\/v2\/pages\/576"}],"wp:attachment":[{"href":"http:\/\/sintrapel-limeira.org.br\/index.php\/wp-json\/wp\/v2\/media?parent=848"}],"curies":[{"name":"wp","href":"https:\/\/api.w.org\/{rel}","templated":true}]}}