{"id":572,"date":"2016-05-20T16:30:35","date_gmt":"2016-05-20T19:30:35","guid":{"rendered":"http:\/\/sintrapel-limeira.web2394.uni5.net\/2016\/?page_id=572"},"modified":"2025-09-08T14:43:20","modified_gmt":"2025-09-08T17:43:20","slug":"diretoria","status":"publish","type":"page","link":"http:\/\/sintrapel-limeira.org.br\/index.php\/diretoria\/","title":{"rendered":"Diretoria"},"content":{"rendered":"<p><img loading=\"lazy\" decoding=\"async\" class=\"aligncenter size-full wp-image-14691\" src=\"http:\/\/sintrapel-limeira.org.br\/2016\/wp-content\/uploads\/2021\/05\/diretoria-2021.jpg\" alt=\"\" width=\"755\" height=\"892\" srcset=\"http:\/\/sintrapel-limeira.org.br\/2016\/wp-content\/uploads\/2021\/05\/diretoria-2021.jpg 755w, http:\/\/sintrapel-limeira.org.br\/2016\/wp-content\/uploads\/2021\/05\/diretoria-2021-254x300.jpg 254w\" sizes=\"(max-width: 755px) 100vw, 755px\" \/><\/p>\n<p><strong>SUPLENTES DA DIRETORIA EFETIVA<\/strong><br \/>\nMario Emerson Ribeiro Da Silva &#8211; <em>Md Pap\u00e9i<\/em>s<br \/>\nPedro Kel Diniz &#8211; <em>Md Pap\u00e9is<\/em><br \/>\nCl\u00e1udio Ant\u00f4nio Dalfr\u00e9 &#8211; <em>Suzano<\/em><br \/>\nAlexander Sassiotto &#8211; <em>Suzano<\/em><br \/>\nMarcos Selmo Soares Dos Santos &#8211; <em>Papirus<\/em><br \/>\nElias Alves Clemente &#8211; <em>Md Pap\u00e9is\u00a0<\/em><br \/>\nJos\u00e9 Silvio do Nascimento &#8211; <em>Suzano<\/em><\/p>\n<p><strong>CONSELHO FISCAL<\/strong><br \/>\nJo\u00e3o Ribeiro &#8211; <em>Aposentado<\/em><br \/>\nReginaldo De Oliveira Martins &#8211; <em>Aposentado<\/em><br \/>\nReginaldo Cazano &#8211; <em>Aposentado<\/em><\/p>\n<p><strong>SUPLENTES DO CONSELHO FISCAL<\/strong><br \/>\nSezefredo Moraes Neto &#8211; <em>Aposentado<\/em><br \/>\nJo\u00e3o Baptista Michelon &#8211; <em>Aposentado<\/em><br \/>\nPaulo C\u00e9sar de Camargo &#8211; <em>Aposentado<\/em><\/p>\n<p><strong>DELEGADOS REP. NA FEDERA\u00c7\u00c3O<\/strong><br \/>\nCarlos C\u00e9sar De Mattos &#8211; <em>Md Pap\u00e9is<\/em><br \/>\nGilberto Borges Dos Santos &#8211; <em>Md Pap\u00e9is<\/em><\/p>\n<p><strong>SUPLENTES DOS DELEGADOS REP. NA FEDERA\u00c7\u00c3O<\/strong><br \/>\nLuiz Alfredo V. Da Silva Campos &#8211; <em>Suzano<\/em><br \/>\nPaulo Ant\u00f4nio Pavani &#8211; <em>Aposentado<\/em><\/p>\n<p><strong>CONSELHO CONSULTIVO<\/strong><\/p>\n<p>Alcides Pinto dos Santos &#8211; <em>Md Pap\u00e9is<\/em><br \/>\nBenedito Aparecido Ferreira dos Santos &#8211;<em> Aposentado<\/em><br \/>\nCelio Geraldo Perissotto \u2013 <em>Aposentado<\/em><br \/>\nEdwilson Ferreira de Souza &#8211; <em>Aposentado<\/em><br \/>\nEdivaldo Oliveira Costa &#8211; <em>Aposentado<\/em><br \/>\nHermindo Pai\u00f3la &#8211; <em>Aposentado<\/em><br \/>\nJaime Florentino Ribeiro &#8211; <em>Aposentado<\/em><br \/>\nJoaquim Frutuoso Neto &#8211; <em>Aposentado<\/em><br \/>\nJos\u00e9 Carlos Delatore &#8211; <em>Aposentado<\/em><br \/>\nJos\u00e9 Carlos Sumere &#8211;<em> Aposentado<\/em><br \/>\nJos\u00e9 Cebidanes &#8211; <em>Aposentado<\/em><br \/>\nJos\u00e9 De Oliveira Ruela &#8211; <em>Aposentado<\/em><br \/>\nJos\u00e9 Tavares Freitas &#8211; <em>Aposentado<\/em><br \/>\nJulio Buratto Faccin &#8211; <em>Aposentado<\/em><br \/>\nLuiz Paiola &#8211; Aposentado<br \/>\nM\u00e1rcio Alexandre Vidal \u2013 <em>Aposentado<\/em><br \/>\nMarcos Henrique Pereira Padinha &#8211; <em>Suzano<\/em><br \/>\nMilton Bueno &#8211; <em>Aposentado<\/em><br \/>\nNei Francisco \u00c2ngelo &#8211; <em>Aposentado<\/em><br \/>\nReinaldo Aparecido Do Carmo \u2013 <em>Aposentado<\/em><br \/>\nRenato da Silva Pereira \u2013 <em>Md Pap\u00e9is<\/em><br \/>\nWilson Batista de Oliveira &#8211; <em>Aposentado<\/em><\/p>\n","protected":false},"excerpt":{"rendered":"<p>SUPLENTES DA DIRETORIA EFETIVA Mario Emerson Ribeiro Da Silva &#8211; Md Pap\u00e9is Pedro Kel Diniz &#8211; Md Pap\u00e9is Cl\u00e1udio Ant\u00f4nio Dalfr\u00e9 &#8211; Suzano Alexander Sassiotto &#8211; Suzano Marcos Selmo Soares&hellip; <\/p>\n","protected":false},"author":1,"featured_media":0,"parent":0,"menu_order":0,"comment_status":"closed","ping_status":"closed","template":"","meta":{"footnotes":""},"class_list":["post-572","page","type-page","status-publish","hentry"],"_links":{"self":[{"href":"http:\/\/sintrapel-limeira.org.br\/index.php\/wp-json\/wp\/v2\/pages\/572"}],"collection":[{"href":"http:\/\/sintrapel-limeira.org.br\/index.php\/wp-json\/wp\/v2\/pages"}],"about":[{"href":"http:\/\/sintrapel-limeira.org.br\/index.php\/wp-json\/wp\/v2\/types\/page"}],"author":[{"embeddable":true,"href":"http:\/\/sintrapel-limeira.org.br\/index.php\/wp-json\/wp\/v2\/users\/1"}],"replies":[{"embeddable":true,"href":"http:\/\/sintrapel-limeira.org.br\/index.php\/wp-json\/wp\/v2\/comments?post=572"}],"version-history":[{"count":34,"href":"http:\/\/sintrapel-limeira.org.br\/index.php\/wp-json\/wp\/v2\/pages\/572\/revisions"}],"predecessor-version":[{"id":15818,"href":"http:\/\/sintrapel-limeira.org.br\/index.php\/wp-json\/wp\/v2\/pages\/572\/revisions\/15818"}],"wp:attachment":[{"href":"http:\/\/sintrapel-limeira.org.br\/index.php\/wp-json\/wp\/v2\/media?parent=572"}],"curies":[{"name":"wp","href":"https:\/\/api.w.org\/{rel}","templated":true}]}}