{"id":14986,"date":"2022-04-11T22:43:03","date_gmt":"2022-04-12T01:43:03","guid":{"rendered":"http:\/\/sintrapel-limeira.org.br\/?page_id=14986"},"modified":"2022-04-12T00:34:50","modified_gmt":"2022-04-12T03:34:50","slug":"politica-de-privacidade","status":"publish","type":"page","link":"http:\/\/sintrapel-limeira.org.br\/index.php\/politica-de-privacidade\/","title":{"rendered":"Pol\u00edtica de Privacidade"},"content":{"rendered":"<p>A privacidade dos usu\u00e1rios de nossa plataforma \u00e9 uma prioridade e responsabilidade de<br \/>\nSindicato dos Trabalhadores nas Ind\u00fastrias de Papel, Papel\u00e3o e Artefatos de Limeira e Regi\u00e3o, CNPJ 51.487.742\/0003-96, sendo assim, esclareceremos nessa Pol\u00edtica de Privacidade como ser\u00e3o tratadas suas informa\u00e7\u00f5es.<\/p>\n<p>Ao acessar o site, o usu\u00e1rio deve estar ciente de que o mesmo poder\u00e1 conter links para outros endere\u00e7os eletr\u00f4nicos, sendo que esses poder\u00e3o possuir pol\u00edticas de privacidade pr\u00f3prias, diferentes dessas aplicadas pelo site do Sindicato.<\/p>\n<p><strong>Quais dados pessoais coletamos<\/strong><br \/>\nColetamos os dados mostrados no formul\u00e1rio de contato, al\u00e9m do endere\u00e7o de IP e de dados do navegador do visitante, para auxiliar na detec\u00e7\u00e3o de spam.<br \/>\n<strong><br \/>\nFormul\u00e1rios de contato<\/strong><br \/>\nO site do Sindicado poder\u00e1 coletar dados pessoais ou outras informa\u00e7\u00f5es sigilosas nos termos desta pol\u00edtica atrav\u00e9s do preenchimento volunt\u00e1rio de informa\u00e7\u00f5es nos formul\u00e1rios dispon\u00edveis no site ou atrav\u00e9s do simples acesso e navega\u00e7\u00e3o ao site, e poder\u00e1 utilizar tais dados para o envio de e-mails com not\u00edcias ou promo\u00e7\u00f5es relacionadas aos produtos e servi\u00e7os oferecidos pelo Sindicado A coleta de dados pessoais ou outras informa\u00e7\u00f5es mediante o preenchimento de formul\u00e1rios constantes do site ser\u00e1 comunicada previamente ao interessado, e a sua utiliza\u00e7\u00e3o ou divulga\u00e7\u00e3o depender\u00e1 do consentimento da pessoa \u00e0 qual as informa\u00e7\u00f5es fizerem refer\u00eancia.<\/p>\n<p>Ao inserir seus dados no site e clicar no link \u201cEnviar\u201d, do Formul\u00e1rio de Contato voc\u00ea anui expressamente com a coleta e utiliza\u00e7\u00e3o das informa\u00e7\u00f5es fornecidas, nos termos dessa Pol\u00edtica de Privacidade, inclusive para os fins de envio de informa\u00e7\u00f5es relevantes e servi\u00e7os oferecidos pelo Sindicado ou not\u00edcias relacionadas.<\/p>\n<p><strong>Cookies<\/strong><br \/>\nOs cookies armazenam temporariamente algumas informa\u00e7\u00f5es para usabilidade dos formul\u00e1rios do site. N\u00e3o aplicamos o rastreio de navega\u00e7\u00e3o em nosso site.<\/p>\n<p>Os cookies podem ser gerenciados por Voc\u00ea a qualquer tempo, basta limpar os dados da sua navega\u00e7\u00e3o quando terminar a visita ao nosso site.<\/p>\n<p>Para gerenciar os cookies do seu navegador, basta faz\u00ea-lo diretamente nas configura\u00e7\u00f5es do navegador, na \u00e1rea de gest\u00e3o de Cookies. Voc\u00ea pode acessar tutoriais sobre o tema diretamente nos links abaixo:<\/p>\n<p>Se voc\u00ea usa o <a href=\"https:\/\/support.microsoft.com\/pt-br\/windows\/excluir-e-gerenciar-cookies-168dab11-0753-043d-7c16-ede5947fc64d\" rel=\"noopener\" target=\"_blank\"><strong>Internet Explorer<\/strong><\/a>.<\/p>\n<p>Se voc\u00ea usa o <a href=\"https:\/\/support.mozilla.org\/pt-BR\/kb\/gerencie-configuracoes-de-armazenamento-local-de-s\" rel=\"noopener\" target=\"_blank\"><strong>Firefox<\/strong><\/a>.<\/p>\n<p>Se voc\u00ea usa o <a href=\"https:\/\/support.apple.com\/pt-br\/guide\/safari\/sfri11471\/mac\" rel=\"noopener\" target=\"_blank\"><strong>Safari<\/strong><\/a>.<\/p>\n<p>Se voc\u00ea usa o <a href=\"https:\/\/support.google.com\/chrome\/answer\/95647?co=GENIE.Platform%3DDesktop&#038;oco=1&#038;hl=pt-BR\" rel=\"noopener\" target=\"_blank\"><strong>Google Chrome<\/strong><\/a>.<\/p>\n<p>Se voc\u00ea usa o <a href=\"https:\/\/support.microsoft.com\/pt-br\/help\/4027947\/microsoft-edge-delete-cookies\" rel=\"noopener\" target=\"_blank\"><strong>Microsoft Edge<\/strong><\/a>.<\/p>\n<p>Se voc\u00ea usa o <a href=\"https:\/\/help.opera.com\/en\/latest\/web-preferences\/#cookies\" rel=\"noopener\" target=\"_blank\"><strong>Opera<\/strong><\/a>.<\/p>\n<p><strong>M\u00eddia incorporada de outros sites<\/strong><br \/>\nArtigos neste site podem incluir conte\u00fado incorporado como, por exemplo, v\u00eddeos, imagens, artigos, etc. Conte\u00fados incorporados de outros sites se comportam exatamente da mesma forma como se o visitante estivesse visitando o outro site.<\/p>\n<p>Estes sites podem coletar dados sobre voc\u00ea, usar cookies, incorporar rastreamento adicional de terceiros e monitorar sua intera\u00e7\u00e3o com este conte\u00fado incorporado, incluindo sua intera\u00e7\u00e3o com o conte\u00fado incorporado se voc\u00ea tem uma conta e est\u00e1 conectado com o site.<\/p>\n<p><strong>Como protegemos seus dados<\/strong><br \/>\nA seguran\u00e7a de dados pessoais do Usu\u00e1rio \u00e9 muito importante para o Sindicato. Assim, ser\u00e3o utilizadas as melhores pr\u00e1ticas dispon\u00edveis no mercado para proteger as informa\u00e7\u00f5es pessoais coletadas.<\/p>\n<p><strong>Das atualiza\u00e7\u00f5es e Contato<\/strong><br \/>\nO sindicato assegura que esta Pol\u00edtica possui regras claras, precisas e em concord\u00e2ncia com as leis vigentes, e est\u00e1 aberta a qualquer tipo de oposi\u00e7\u00e3o, sugest\u00e3o ou necessidade de contato para exerc\u00edcio dos direitos dos titulares. O contato dever\u00e1 ser realizado por meio do canal exclusivo com a nossa \u00e1rea encarregada de Dados Pessoais:<\/p>\n<p>Contato: <a href=\"mailto:contato@sintrapel-limeira.org.br\">contato@sintrapel-limeira.org.br<\/a><\/p>\n<p>O sindicato se reserva o direito de alterar ou atualizar esta pol\u00edtica sempre que for necess\u00e1rio, levando a altera\u00e7\u00e3o a conhecimento de todos aqueles que se utilizam de nosso site.<\/p>\n","protected":false},"excerpt":{"rendered":"<p>A privacidade dos usu\u00e1rios de nossa plataforma \u00e9 uma prioridade e responsabilidade de Sindicato dos Trabalhadores nas Ind\u00fastrias de Papel, Papel\u00e3o e Artefatos de Limeira e Regi\u00e3o, CNPJ 51.487.742\/0003-96, sendo&hellip; <\/p>\n","protected":false},"author":3,"featured_media":0,"parent":0,"menu_order":0,"comment_status":"closed","ping_status":"closed","template":"","meta":{"footnotes":""},"class_list":["post-14986","page","type-page","status-publish","hentry"],"_links":{"self":[{"href":"http:\/\/sintrapel-limeira.org.br\/index.php\/wp-json\/wp\/v2\/pages\/14986"}],"collection":[{"href":"http:\/\/sintrapel-limeira.org.br\/index.php\/wp-json\/wp\/v2\/pages"}],"about":[{"href":"http:\/\/sintrapel-limeira.org.br\/index.php\/wp-json\/wp\/v2\/types\/page"}],"author":[{"embeddable":true,"href":"http:\/\/sintrapel-limeira.org.br\/index.php\/wp-json\/wp\/v2\/users\/3"}],"replies":[{"embeddable":true,"href":"http:\/\/sintrapel-limeira.org.br\/index.php\/wp-json\/wp\/v2\/comments?post=14986"}],"version-history":[{"count":5,"href":"http:\/\/sintrapel-limeira.org.br\/index.php\/wp-json\/wp\/v2\/pages\/14986\/revisions"}],"predecessor-version":[{"id":14994,"href":"http:\/\/sintrapel-limeira.org.br\/index.php\/wp-json\/wp\/v2\/pages\/14986\/revisions\/14994"}],"wp:attachment":[{"href":"http:\/\/sintrapel-limeira.org.br\/index.php\/wp-json\/wp\/v2\/media?parent=14986"}],"curies":[{"name":"wp","href":"https:\/\/api.w.org\/{rel}","templated":true}]}}